{"id":17,"date":"2009-04-13T23:25:57","date_gmt":"2009-04-13T22:25:57","guid":{"rendered":"http:\/\/www.singapur.jasminbraun.de\/?page_id=17"},"modified":"2023-01-09T11:52:39","modified_gmt":"2023-01-09T10:52:39","slug":"impressum","status":"publish","type":"page","link":"http:\/\/www.jasmingueth.de\/wordpress\/?page_id=17","title":{"rendered":"Impressum"},"content":{"rendered":"<p>Verantwortlich f\u00fcr die Inhalte dieser Seiten:<\/p>\n<p>Jasmin G\u00fcth<br \/>\nStockborn 17<br \/>\n56479 Seck<\/p>\n<p>anfrage ( at ) singapur ( punkt ) jasmingueth ( punkt ) de<\/p>\n<p>Sollten durch Beitr\u00e4ge oder Kommentare Rechte anderer verletzt werden, bitte ich darum, mich direkt zu kontaktieren. Ich werde jegliche Beanstandung pr\u00fcfen und etwaige Textstellen \u00fcberarbeiten bzw. entfernen.<\/p>\n<p>Da eine Abmahnung durch einen Anwalt zeitaufw\u00e4ndiger w\u00e4re, als ein direkter Kontakt, sollte von dieser abgesehen werden (<strong>Keine Abmahnung ohne vorherigen Kontakt (Vgl. \u00a7 8 Abs. 4 UWG)).<\/strong><\/p>\n","protected":false},"excerpt":{"rendered":"<p>Verantwortlich f\u00fcr die Inhalte dieser Seiten: Jasmin G\u00fcth Stockborn 17 56479 Seck anfrage ( at ) singapur ( punkt ) jasmingueth ( punkt ) de Sollten durch Beitr\u00e4ge oder Kommentare Rechte anderer verletzt werden, bitte ich darum, mich direkt zu kontaktieren. Ich werde jegliche Beanstandung pr\u00fcfen und etwaige Textstellen \u00fcberarbeiten bzw. entfernen. Da eine Abmahnung [&hellip;]<\/p>\n","protected":false},"author":1,"featured_media":0,"parent":0,"menu_order":0,"comment_status":"open","ping_status":"open","template":"","meta":{"ngg_post_thumbnail":0},"_links":{"self":[{"href":"http:\/\/www.jasmingueth.de\/wordpress\/index.php?rest_route=\/wp\/v2\/pages\/17"}],"collection":[{"href":"http:\/\/www.jasmingueth.de\/wordpress\/index.php?rest_route=\/wp\/v2\/pages"}],"about":[{"href":"http:\/\/www.jasmingueth.de\/wordpress\/index.php?rest_route=\/wp\/v2\/types\/page"}],"author":[{"embeddable":true,"href":"http:\/\/www.jasmingueth.de\/wordpress\/index.php?rest_route=\/wp\/v2\/users\/1"}],"replies":[{"embeddable":true,"href":"http:\/\/www.jasmingueth.de\/wordpress\/index.php?rest_route=%2Fwp%2Fv2%2Fcomments&post=17"}],"version-history":[{"count":5,"href":"http:\/\/www.jasmingueth.de\/wordpress\/index.php?rest_route=\/wp\/v2\/pages\/17\/revisions"}],"predecessor-version":[{"id":133,"href":"http:\/\/www.jasmingueth.de\/wordpress\/index.php?rest_route=\/wp\/v2\/pages\/17\/revisions\/133"}],"wp:attachment":[{"href":"http:\/\/www.jasmingueth.de\/wordpress\/index.php?rest_route=%2Fwp%2Fv2%2Fmedia&parent=17"}],"curies":[{"name":"wp","href":"https:\/\/api.w.org\/{rel}","templated":true}]}}